{"id":5807,"date":"2013-05-12T10:07:24","date_gmt":"2013-05-12T09:07:24","guid":{"rendered":"http:\/\/www.francoiserenaud.com\/blog\/"},"modified":"2013-07-04T10:56:17","modified_gmt":"2013-07-04T09:56:17","slug":"bibliographie-2","status":"publish","type":"page","link":"https:\/\/www.francoiserenaud.com\/blog\/bibliographie-2\/","title":{"rendered":"bibliographie"},"content":{"rendered":"<p style=\"margin-top: 50px;\">\n<h2><strong>ROMANS ET R\u00c9CITS<\/strong><\/h2>\n<p><strong><em>&#8211; <\/em><\/strong><a href=\"http:\/\/www.francoiserenaud.com\/bibliographie\/romans-recits\/lenfant-de-ma-mere\/\" target=\"_blank\"><strong><em>L\u2019enfant de ma m\u00e8re<\/em><\/strong><\/a>, roman, CLC \u00e9ditions, 2004 (HB \u00e9ditions, 1997)<br \/>\n<strong><em>&#8211; <\/em><\/strong><a href=\"http:\/\/www.francoiserenaud.com\/bibliographie\/romans-recits\/femmes-dans-lherbe-2\/\" target=\"_blank\"><strong><em>Femmes dans l\u2019herbe<\/em><\/strong><\/a>, roman, \u00e9ditions AEDIS, 1999<br \/>\n<strong><em>&#8211; <\/em><\/strong><a href=\"http:\/\/www.francoiserenaud.com\/bibliographie\/romans-recits\/aujourdhui-la-mer-est-blanche\/\" target=\"_blank\"><strong><em>Aujourd\u2019hui la mer est blanche<\/em><\/strong><\/a>, roman, \u00e9ditions AEDIS, 2000<br \/>\n<strong><em>&#8211; <\/em><\/strong><a href=\"http:\/\/www.francoiserenaud.com\/bibliographie\/romans-recits\/lhomme-den-face\/\" target=\"_blank\"><strong><em>L\u2019homme d\u2019en face<\/em><\/strong><\/a>, roman, \u00e9ditions AEDIS, 2001<br \/>\n<strong><em>&#8211; <\/em><\/strong><a href=\"http:\/\/www.francoiserenaud.com\/bibliographie\/romans-recits\/assis-sur-la-falaise\/\" target=\"_blank\"><strong><em>Assis sur la falaise<\/em><\/strong><\/a>, r\u00e9cit, CLC \u00e9ditions 2003, gravures Alain BAR<br \/>\n<em><strong>&#8211; <\/strong><a href=\"http:\/\/www.francoiserenaud.com\/bibliographie\/romans-recits\/sentiers-nomades\/\" target=\"_blank\"><strong>Sentiers nomades<\/strong><\/a>,<\/em> roman, \u00e9ditions AEDIS, 2003<br \/>\n<strong><em>&#8211; <\/em><\/strong><a href=\"http:\/\/www.francoiserenaud.com\/bibliographie\/divers\/memoire-entre-murs-2\/\" target=\"_blank\"><strong><em>M\u00e9moire entre murs<\/em><\/strong><\/a>, r\u00e9cits, \u00e9dition priv\u00e9e CE H\u00f4pital Saint-Jean-de-Dieu 2003<br \/>\n<strong><em>&#8211; <\/em><\/strong><a href=\"http:\/\/www.francoiserenaud.com\/bibliographie\/romans-recits\/creatures-du-fleuve\/\" target=\"_blank\"><strong><em>Cr\u00e9atures du fleuve<\/em><\/strong><\/a>, roman, \u00e9ditions AEDIS 2004<br \/>\n<strong><em>&#8211; <\/em><\/strong><a href=\"http:\/\/www.francoiserenaud.com\/bibliographie\/romans-recits\/le-regard-du-pere\/\" target=\"_blank\"><strong><em>Le regard du p\u00e8re<\/em><\/strong><\/a>, roman, \u00e9ditions AEDIS 2006<br \/>\n<strong><em>&#8211;<a href=\"http:\/\/www.francoiserenaud.com\/bibliographie\/romans-recits\/le-voyageur-au-dessus-de-la-mer-de-nuages\/\" target=\"_blank\"> <\/a><\/em><\/strong><a href=\"http:\/\/www.francoiserenaud.com\/bibliographie\/romans-recits\/le-voyageur-au-dessus-de-la-mer-de-nuages\/\" target=\"_blank\"><strong><em>Le voyageur au-dessus de la mer de nuages<\/em><\/strong><\/a>, roman, \u00e9ditions GabriAndre 2008 &#8211; prix du manuscrit Vall\u00e9e Livres C\u00e9vennes 2008<br \/>\n<strong><em>&#8211; <\/em><\/strong><a href=\"http:\/\/www.francoiserenaud.com\/bibliographie\/romans-recits\/lautre-versant-du-monde\/\" target=\"_blank\"><strong><em>L\u2019autre versant du monde<\/em><\/strong><\/a>, roman, CLC \u00e9ditions, 2009<br \/>\n<em><strong>&#8211; <\/strong><a href=\"http:\/\/www.francoiserenaud.com\/bibliographie\/romans-recits\/au-dela-du-blanc-richarme-1904-1991\/\" target=\"_blank\"><strong>Au-del\u00e0 du blanc &#8211; Richarme (1904-1991)<\/strong><\/a><\/em>, r\u00e9cit, CLC \u00e9ditions, 2010<br \/>\n<strong><em>&#8211; <\/em><\/strong><a href=\"http:\/\/www.francoiserenaud.com\/bibliographie\/romans-recits\/petite-musique-des-vivants\/\" target=\"_blank\"><strong><em>Petite musique des vivants<\/em><\/strong><\/a>, roman, \u00e9ditions CLC, 2012<\/p>\n<p style=\"margin-top: 40px;\">\n<h2><strong>BEAUX LIVRES<\/strong><\/h2>\n<p><strong><em>&#8211; <\/em><\/strong><a href=\"http:\/\/www.francoiserenaud.com\/bibliographie\/beaux-livres\/asie-figures-secretes\/\" target=\"_blank\"><strong><em>Asie, Figures secr\u00e8tes<\/em><\/strong><\/a>, photographies Violette Dougados-Morais, CLC \u00e9ditions, 2007<br \/>\n<strong><em>&#8211; <\/em><\/strong><a href=\"http:\/\/www.francoiserenaud.com\/bibliographie\/beaux-livres\/a-cote-delles\/\" target=\"_blank\"><strong><em>\u00c0 c\u00f4t\u00e9 d&rsquo;elles<\/em><\/strong><\/a>, proses po\u00e9tiques, calligraphies de Marcel Zaragoza, espaces graphiques de <strong><a href=\"http:\/\/plumerandfpeintures.blogspot.fr\/\" target=\"_blank\">Fr\u00e9d\u00e9ric Plumerand<\/a><\/strong>, \u00e9ditions Les 3 Spirales,2012<\/p>\n<p style=\"margin-top: 40px;\">\n<h2><strong>ADOS &#8211; JEUNESSE<\/strong><\/h2>\n<p><strong><em> &#8211; <\/em><\/strong><a href=\"http:\/\/www.francoiserenaud.com\/bibliographie\/ados-jeunesse\/la-peau-de-dingo\/\" target=\"_blank\"><strong><em>La peau de dingo<\/em><\/strong><\/a>, roman, CLC \u00e9ditions 2006, peintures Denis Caporossi<br \/>\n<strong><em>&#8211; <\/em><\/strong><a href=\"http:\/\/www.francoiserenaud.com\/bibliographie\/ados-jeunesse\/la-princesse-de-sambhaar\/\" target=\"_blank\"><strong><em>La princesse de Sambhaar<\/em><\/strong><\/a>, album jeunesse, illustrations Monique Della Negra, \u00e9ditions Le Lutin Malin, 2009<br \/>\n&#8211; <a href=\"http:\/\/www.francoiserenaud.com\/bibliographie\/ados-jeunesse\/lol-et-la-fascination\/\" target=\"_blank\"><em><strong>Lol et la fascination<\/strong><\/em><\/a>, roman, collection Regard&rsquo;Ado, \u00e9ditions Le Lutin Malin, 2011<\/p>\n<p style=\"margin-top: 40px;\">\n<h2><strong>AUTRES OUVRAGES<\/strong><\/h2>\n<p><strong><em>&#8211; <\/em><\/strong><a href=\"http:\/\/www.francoiserenaud.com\/bibliographie\/divers\/mai-68-echos-du-languedoc\/\" target=\"_blank\"><strong><em>Mai 68, \u00e9chos du Languedoc<\/em><\/strong><\/a>, recueil de nouvelles du collectif \u2018<em>Autour des auteurs<\/em>\u2019, 2008<br \/>\n&#8211; <a href=\"http:\/\/www.francoiserenaud.com\/bibliographie\/divers\/collection-petites-proses\/\" target=\"_blank\"><em><strong>En voyage<\/strong><\/em><\/a>, r\u00e9cit, collection Petites Proses, 2011<br \/>\n<em><strong>&#8211;<a href=\"http:\/\/www.francoiserenaud.com\/bibliographie\/divers\/collection-petites-proses\/\" target=\"_blank\"> <\/a><\/strong><a href=\"http:\/\/www.francoiserenaud.com\/bibliographie\/divers\/collection-petites-proses\/\" target=\"_blank\"><strong>Histoire d&rsquo;Ernesto Rios<\/strong><\/a>,<\/em> s\u00e9rie noire en 6 \u00e9pisodes, dessins \u00e0 trait ferm\u00e9 de <strong>Pascal Nyiri<\/strong>, collection Petites Proses, 2012<br \/>\n<em><strong>&#8211; <\/strong><a href=\"http:\/\/www.francoiserenaud.com\/bibliographie\/divers\/collection-petites-proses\/\" target=\"_blank\"><strong>Le ciel lumineux de l&rsquo;enfance<\/strong><\/a><\/em>, textes courts, autour des tableaux d\u2019<strong><a href=\"http:\/\/www.elisa-fuksa-anselme.com\/fr\/index.aspx\" target=\"_blank\">\u00c9lisa Fuksa-Anselme<\/a><\/strong>, collection Petites Proses, 2012<\/p>\n<p style=\"margin-top: 40px;\">\n<h2><strong>PARUTIONS EN REVUE<\/strong><\/h2>\n<p><em><strong><em>&#8211; <\/em><\/strong><strong><em>L\u2019homme en pantalons<\/em><\/strong>, <\/em>nouvelle<em>, revue REG\u2019ART, n\u00b021, <\/em>octobre 1998<br \/>\n<em><strong><em>&#8211; <\/em><\/strong><strong><em>Canicule, encore<\/em><\/strong>, <\/em>nouvelle<em>, revue AUTRE SUD, n\u00b017, <\/em>juin 2002<br \/>\n<strong><em>&#8211; <\/em><\/strong><strong><em>Passion S\u00e9ries TV<\/em><\/strong><strong>, <\/strong>rubrique\u00a0\u00bb<em>Une passion, un \u00e9crivain<\/em>\u00ab\u00a0, magazine LES ENJEUX, d\u00e9cembre 2007<br \/>\n<em><strong><em>&#8211; <\/em><\/strong><strong><em>En lice<\/em><\/strong>, <\/em>nouvelle, <em>revue \u00c9TOILES D&rsquo;ENCRE, n\u00b037\/38, \u00ab <\/em><em>Secrets de femmes <\/em>\u00bb, \u00e9ditions Ch\u00e8vrefeuille \u00e9toil\u00e9e, mars 2009<br \/>\n<em><strong>&#8211; <\/strong><strong>Une \u00eele<\/strong><\/em>, nouvelle<em>, projet \u00ab\u00a0Chez mon libraire, ce n&rsquo;est pas plus cher\u00a0\u00bb,<\/em> Languedoc Roussillon livre et lecture, octobre 2011<br \/>\n<em><strong>&#8211; <\/strong><strong>Le musicien noir<\/strong><\/em>, nouvelle, <em>revue \u00c9TOILES D&rsquo;ENCRE, n\u00b049\/50, \u00ab <\/em><em>Sous le signe du multiple <\/em>\u00bb, \u00e9ditions Ch\u00e8vrefeuille \u00e9toil\u00e9e, mars 2012<br \/>\n<em><strong>&#8211; <\/strong><strong>S\u00e9jour des neiges,<\/strong><\/em> nouvelle,<em> revue SOUFFLES,<\/em> avril 2012<br \/>\n<em><strong>&#8211; <\/strong><strong>Esprit des lieux,<\/strong><\/em> nouvelle,<em> revue \u00c9TOILES D&rsquo;ENCRE, n\u00b053\/54<\/em>, <em>\u00abNos maisons <\/em><em>\u00bb, <\/em>\u00e9ditions Ch\u00e8vrefeuille \u00e9toil\u00e9e,  avril 2013<\/p>\n<p style=\"margin-top: 40px;\">\n<h2><strong>PI\u00c8CES RADIOPHONIQUES<\/strong><\/h2>\n<p><strong><em><strong><em>&#8211; <\/em><\/strong><\/em><\/strong><strong><em> <\/em><em>CLAIRE<\/em><\/strong><strong><em><strong><em>, soif d\u2019orage<\/em><\/strong>, <\/em><\/strong>s\u00e9rie de dramatiques, r\u00e9alisation radiophonique Ateliers de cr\u00e9ation de RADIO France, ao\u00fbt 2001<\/p>\n<p style=\"margin-top: 40px;\">\n<h2><strong>TEXTES LI\u00c9S AUX ARTS PLASTIQUES<br \/>\n<\/strong><\/h2>\n<p><em><strong>&#8211; <\/strong><strong>Lieu patrimoine \u2013 Moulin de Corquigny (Touraine)<\/strong>, autour du travail photographique de <\/em><strong><a href=\"http:\/\/marc.dantan.free.fr\/\" target=\"_blank\">Marc Dantan<\/a><\/strong><em>, 2010<\/em><br \/>\n<em><strong><em>&#8211; <\/em><\/strong><strong><em>Fer<\/em><\/strong>, autour de l&rsquo;\u0153uvre du sculpteur Dom Jeambrun, 2010<\/em><br \/>\n&#8211;<em><strong> Soudain debout dress\u00e9<\/strong><\/em>, autour des \u0153uvres r\u00e9centes de <strong><a href=\"http:\/\/www.martine-trouis.com\/\" target=\"_blank\">Martine Trou\u00efs<\/a><\/strong>, mai 2013<br \/>\n<em><strong>&#8211; <\/strong><strong>Palavas par tous les temps<\/strong>, <\/em>aquarelles de J\u00e9r\u00e9my Cheval, \u00e0 para\u00eetre<\/p>\n<p style=\"margin-top: 40px;\">\n<h2><strong>E-BOOKS<\/strong><\/h2>\n<p><strong><em> <\/em><em><strong>&#8211; <\/strong><\/em><\/strong><strong><em> <\/em><em>Chauss\u00e9e noire de pluie<\/em><\/strong><strong><em>, <\/em><\/strong>r\u00e9cit policier en 5 tableaux et 1 \u00e9pilogue,<strong> photographies de <\/strong><strong><a href=\"http:\/\/joellecolomar.eklablog.com\/\" target=\"_blank\">Jo\u00eblle Colomar<\/a><\/strong><strong>, <\/strong>d\u00e9cembre 2010 (<a href=\"http:\/\/www.calameo.com\/read\/00077541342cd23bbe0a2\" target=\"_blank\">acc\u00e8s libre et gratuit<\/a>)<strong><em><br \/>\n<\/em><em>&#8211; <\/em><\/strong><strong><em>Entre bra<\/em><em>s<\/em><\/strong>, s\u00e9rie en quatre tableaux, photographies de<strong><a href=\"http:\/\/joellecolomar.eklablog.com\/\" target=\"_blank\"> Jo\u00eblle Colomar<\/a><\/strong>, juillet 2011 (<a href=\"http:\/\/fr.calameo.com\/read\/000775413bbbe5c2aaebb\" target=\"_blank\">acc\u00e8s libre et  gratuit<\/a>)<\/p>\n<p style=\"margin-top: 50px;\">\n<p style=\"text-align: right;\"><em>(tous ces ouvrages sont disponibles aupr\u00e8s des \u00e9diteurs et aupr\u00e8s de l&rsquo;auteur)<\/em><\/p>\n","protected":false},"excerpt":{"rendered":"<p>ROMANS ET R\u00c9CITS &#8211; L\u2019enfant de ma m\u00e8re, roman, CLC \u00e9ditions, 2004 (HB \u00e9ditions, 1997) &#8211; Femmes dans l\u2019herbe, roman, \u00e9ditions AEDIS, 1999 &#8211; Aujourd\u2019hui la mer est blanche, roman, \u00e9ditions AEDIS, 2000 &#8211; L\u2019homme d\u2019en face, roman, \u00e9ditions AEDIS, 2001 &#8211; Assis sur la falaise, r\u00e9cit, CLC \u00e9ditions 2003, gravures Alain BAR &#8211; Sentiers [&hellip;]<\/p>\n","protected":false},"author":1,"featured_media":0,"parent":0,"menu_order":0,"comment_status":"open","ping_status":"open","template":"","meta":{"footnotes":""},"_links":{"self":[{"href":"https:\/\/www.francoiserenaud.com\/blog\/wp-json\/wp\/v2\/pages\/5807"}],"collection":[{"href":"https:\/\/www.francoiserenaud.com\/blog\/wp-json\/wp\/v2\/pages"}],"about":[{"href":"https:\/\/www.francoiserenaud.com\/blog\/wp-json\/wp\/v2\/types\/page"}],"author":[{"embeddable":true,"href":"https:\/\/www.francoiserenaud.com\/blog\/wp-json\/wp\/v2\/users\/1"}],"replies":[{"embeddable":true,"href":"https:\/\/www.francoiserenaud.com\/blog\/wp-json\/wp\/v2\/comments?post=5807"}],"version-history":[{"count":9,"href":"https:\/\/www.francoiserenaud.com\/blog\/wp-json\/wp\/v2\/pages\/5807\/revisions"}],"predecessor-version":[{"id":5810,"href":"https:\/\/www.francoiserenaud.com\/blog\/wp-json\/wp\/v2\/pages\/5807\/revisions\/5810"}],"wp:attachment":[{"href":"https:\/\/www.francoiserenaud.com\/blog\/wp-json\/wp\/v2\/media?parent=5807"}],"curies":[{"name":"wp","href":"https:\/\/api.w.org\/{rel}","templated":true}]}}