{"id":7128,"date":"2021-07-28T16:10:49","date_gmt":"2021-07-28T15:10:49","guid":{"rendered":"http:\/\/www.francoiserenaud.com\/blog\/?page_id=7128"},"modified":"2021-07-28T18:11:57","modified_gmt":"2021-07-28T17:11:57","slug":"la-photographie","status":"publish","type":"page","link":"http:\/\/www.francoiserenaud.com\/blog\/la-photographie\/","title":{"rendered":"MES photographieS"},"content":{"rendered":"\n<p class=\"has-drop-cap\">J&rsquo;exp\u00e9rimente l&rsquo;image avec simplicit\u00e9. Je n&rsquo;ai rien \u00e9tudi\u00e9 dans ce domaine. Je ne fais que regarder le monde en marchant sur les chemins ou au hasard. Quand\u00a0 tout para\u00eet suspendu, je cadre comme je vois, comme je sens \u2014 il s&rsquo;agit bien d&rsquo;une sensation physique \u2014 et j&rsquo;appuie sur le d\u00e9clic.<\/p>\n\n\n\n<p class=\"has-drop-cap\"><br \/>C&rsquo;est comme \u00e9crire : lumi\u00e8re, composition, \u00e9quilibre. Il n&rsquo;y a rien \u00e0 inventer, juste puiser et retenir ce qui arrive.<\/p>\n\n\n\n<p>L&rsquo;image du quotidien contient toujours de la beaut\u00e9, c&rsquo;est juste la fa\u00e7on de poser le regard qui change. Car tout est l\u00e0, d\u00e9j\u00e0, dans l&rsquo;instant.<\/p>\n\n\n\n<p>Les fleurs, les l\u00e9gumes sont les miens. Je les s\u00e8me, les cultive, les suis dans leur croissance. Les paysages aussi sont les miens, ceux de mon enfance ou ceux qui occupent les fen\u00eatres de mon pr\u00e9sent. Je me contente de ce qui passe \u00e0 ma port\u00e9e. Il y a tant \u00e0 faire et \u00e0 regarder&#8230;<\/p>\n","protected":false},"excerpt":{"rendered":"<p>J&rsquo;exp\u00e9rimente l&rsquo;image avec simplicit\u00e9. Je n&rsquo;ai rien \u00e9tudi\u00e9 dans ce domaine. Je ne fais que regarder le monde en marchant sur les chemins ou au hasard. Quand\u00a0 tout para\u00eet suspendu, je cadre comme je vois, comme je sens \u2014 il s&rsquo;agit bien d&rsquo;une sensation physique \u2014 et j&rsquo;appuie sur le d\u00e9clic. C&rsquo;est comme \u00e9crire : [&hellip;]<\/p>\n","protected":false},"author":1,"featured_media":0,"parent":0,"menu_order":0,"comment_status":"closed","ping_status":"closed","template":"","meta":{"footnotes":""},"_links":{"self":[{"href":"http:\/\/www.francoiserenaud.com\/blog\/wp-json\/wp\/v2\/pages\/7128"}],"collection":[{"href":"http:\/\/www.francoiserenaud.com\/blog\/wp-json\/wp\/v2\/pages"}],"about":[{"href":"http:\/\/www.francoiserenaud.com\/blog\/wp-json\/wp\/v2\/types\/page"}],"author":[{"embeddable":true,"href":"http:\/\/www.francoiserenaud.com\/blog\/wp-json\/wp\/v2\/users\/1"}],"replies":[{"embeddable":true,"href":"http:\/\/www.francoiserenaud.com\/blog\/wp-json\/wp\/v2\/comments?post=7128"}],"version-history":[{"count":5,"href":"http:\/\/www.francoiserenaud.com\/blog\/wp-json\/wp\/v2\/pages\/7128\/revisions"}],"predecessor-version":[{"id":7174,"href":"http:\/\/www.francoiserenaud.com\/blog\/wp-json\/wp\/v2\/pages\/7128\/revisions\/7174"}],"wp:attachment":[{"href":"http:\/\/www.francoiserenaud.com\/blog\/wp-json\/wp\/v2\/media?parent=7128"}],"curies":[{"name":"wp","href":"https:\/\/api.w.org\/{rel}","templated":true}]}}