{"id":6903,"date":"2014-11-19T10:00:23","date_gmt":"2014-11-19T09:00:23","guid":{"rendered":"http:\/\/www.francoiserenaud.com\/blog\/"},"modified":"2021-07-26T16:15:19","modified_gmt":"2021-07-26T15:15:19","slug":"mentions-legales","status":"publish","type":"page","link":"http:\/\/www.francoiserenaud.com\/blog\/contact\/mentions-legales\/","title":{"rendered":"mentions l\u00e9gales"},"content":{"rendered":"\n<p class=\"has-drop-cap\"><strong><em>Juste mes images <\/em>recueille les photographies de l&rsquo;artiste-auteur Fran\u00e7oise Renaud au fil des jours, parfois accompagn\u00e9es de ses textes. Des photographies d&rsquo;autres artistes sont rarement utilis\u00e9es, toujours avec leur enti\u00e8re autorisation. <\/strong><strong><em>Juste mes images<\/em> est une sorte d&rsquo;atelier compos\u00e9 et r\u00e9dig\u00e9 par Fran\u00e7oise Renaud, h\u00e9berg\u00e9 par wordpress.<\/strong><\/p>\n\n\n\n<p>Tous ces textes et les images qui les accompagnent &#8211; en bref toute la mati\u00e8re publi\u00e9e sur le site &#8211; sont, sauf mention contraire explicite, <a href=\"http:\/\/creativecommons.org\/licenses\/by-nc-nd\/3.0\/fr\/\" target=\"_blank\" rel=\"noopener\">sous licence Creative Commons BY-NC-SA<\/a> :<br \/>&#8211; Attribution \u2013 vous devez cr\u00e9diter l\u2019auteur de l\u2019article, et ins\u00e9rer un lien vers l\u2019article original, et indiquer si des modifications ont \u00e9t\u00e9 apport\u00e9es.<br \/>&#8211; Pas d\u2019Utilisation Commerciale \u2014 Vous n\u2019\u00eates pas autoris\u00e9 \u00e0 faire un usage commercial de l\u2019\u0153uvre, qu&rsquo;il s&rsquo;agisse de la totalit\u00e9 ou d&rsquo;une partie du mat\u00e9riel qui la compose.<br \/>&#8211; Pas de modifications autoris\u00e9es.<\/p>\n","protected":false},"excerpt":{"rendered":"<p>Juste mes images recueille les photographies de l&rsquo;artiste-auteur Fran\u00e7oise Renaud au fil des jours, parfois accompagn\u00e9es de ses textes. Des photographies d&rsquo;autres artistes sont rarement utilis\u00e9es, toujours avec leur enti\u00e8re autorisation. Juste mes images est une sorte d&rsquo;atelier compos\u00e9 et r\u00e9dig\u00e9 par Fran\u00e7oise Renaud, h\u00e9berg\u00e9 par wordpress. Tous ces textes et les images qui les [&hellip;]<\/p>\n","protected":false},"author":1,"featured_media":0,"parent":347,"menu_order":2,"comment_status":"open","ping_status":"open","template":"","meta":{"footnotes":""},"_links":{"self":[{"href":"http:\/\/www.francoiserenaud.com\/blog\/wp-json\/wp\/v2\/pages\/6903"}],"collection":[{"href":"http:\/\/www.francoiserenaud.com\/blog\/wp-json\/wp\/v2\/pages"}],"about":[{"href":"http:\/\/www.francoiserenaud.com\/blog\/wp-json\/wp\/v2\/types\/page"}],"author":[{"embeddable":true,"href":"http:\/\/www.francoiserenaud.com\/blog\/wp-json\/wp\/v2\/users\/1"}],"replies":[{"embeddable":true,"href":"http:\/\/www.francoiserenaud.com\/blog\/wp-json\/wp\/v2\/comments?post=6903"}],"version-history":[{"count":9,"href":"http:\/\/www.francoiserenaud.com\/blog\/wp-json\/wp\/v2\/pages\/6903\/revisions"}],"predecessor-version":[{"id":7105,"href":"http:\/\/www.francoiserenaud.com\/blog\/wp-json\/wp\/v2\/pages\/6903\/revisions\/7105"}],"up":[{"embeddable":true,"href":"http:\/\/www.francoiserenaud.com\/blog\/wp-json\/wp\/v2\/pages\/347"}],"wp:attachment":[{"href":"http:\/\/www.francoiserenaud.com\/blog\/wp-json\/wp\/v2\/media?parent=6903"}],"curies":[{"name":"wp","href":"https:\/\/api.w.org\/{rel}","templated":true}]}}