{"id":2,"date":"2010-07-24T18:39:24","date_gmt":"2010-07-24T16:39:24","guid":{"rendered":"http:\/\/www.francoiserenaud.com\/blog\/?page_id=2"},"modified":"2013-06-05T17:33:28","modified_gmt":"2013-06-05T16:33:28","slug":"a-propos","status":"publish","type":"page","link":"http:\/\/www.francoiserenaud.com\/blog\/a-propos\/","title":{"rendered":"portrait"},"content":{"rendered":"<p style=\"margin-top: 15px;\">\n<p style=\"text-align: center;\">\n<p><a rel=\"attachment wp-att-5971\" href=\"http:\/\/www.francoiserenaud.com\/blog\/a-propos\/olympus-digital-camera-2\/\"><img loading=\"lazy\" decoding=\"async\" class=\"alignnone size-large wp-image-5971\" style=\"border: 1px solid black; margin: 0.5px;\" title=\"portrait, photographie de Marie-Jo Primaut, 2013\" src=\"http:\/\/www.francoiserenaud.com\/blog\/wp-content\/uploads\/2010\/07\/2012_FR2-1024x768.jpg\" alt=\"\" width=\"489\" height=\"366\" srcset=\"http:\/\/www.francoiserenaud.com\/blog\/wp-content\/uploads\/2010\/07\/2012_FR2-1024x768.jpg 1024w, http:\/\/www.francoiserenaud.com\/blog\/wp-content\/uploads\/2010\/07\/2012_FR2-300x225.jpg 300w, http:\/\/www.francoiserenaud.com\/blog\/wp-content\/uploads\/2010\/07\/2012_FR2.jpg 2048w\" sizes=\"(max-width: 489px) 100vw, 489px\" \/><\/a><\/p>\n<p style=\"text-align: right; font-size: 15px;\"><em><strong><a href=\"http:\/\/www.francoiserenaud.com\" target=\"_blank\">SITE PERSONNEL<\/a><\/strong><\/em><\/p>\n<p style=\"text-align: right; font-size: 15px;\"><em><strong><a href=\"http:\/\/www.francoiserenaud.com\" target=\"_blank\"><\/a><br \/>\n<a href=\"http:\/\/fr.wikipedia.org\/wiki\/Fran%C3%A7oise_Renaud\" target=\"_blank\">sur WIKIPEDIA<br \/>\n<\/a><a href=\"http:\/\/www.lr2l.fr\/acteur\/renaud-francoise-laverune.html\" target=\"_blank\">sur LANGUEDOC-ROUSSILLON livre et lecture<\/a><\/strong><\/em><\/p>\n<p style=\"text-align: right;\"><em><strong><br \/>\n<\/strong><\/em><\/p>\n<p style=\"margin-top: 20px;\">\n<p style=\"text-align: right;\"><em><strong><a href=\"http:\/\/jtduoff.fr\/tv-montpellier\/matinales?catid=3&amp;sort=latest&amp;slg=francoise-renaud-poete-ecrivain\" target=\"_blank\"><img loading=\"lazy\" decoding=\"async\" class=\"alignnone size-medium wp-image-5722\" style=\"border: 2px solid black; margin: 0.5px;\" title=\"FrancoiseRenaud_JTDUOFF\" src=\"http:\/\/www.francoiserenaud.com\/blog\/wp-content\/uploads\/2010\/07\/FrancoiseRenaud_JTDUOFF-300x170.jpg\" alt=\"\" width=\"164\" height=\"103\" \/><\/a><br \/>\n<\/strong><\/em><\/p>\n<p style=\"text-align: right; font-size: 15px;\"><em><strong><a href=\"http:\/\/jtduoff.fr\/tv-montpellier\/matinales?catid=3&amp;sort=latest&amp;slg=francoise-renaud-poete-ecrivain\" target=\"_blank\">\u00e9mission LES MATINALES conduite par Pascal Nyri<\/a><\/strong><\/em><\/p>\n<p style=\"text-align: right;\">une vid\u00e9o r\u00e9alis\u00e9e par Jean-Pascal Girou, JT DU OFF de Montpellier, 2013<\/p>\n<h2 style=\"margin-top: 50px;\"><em> <\/em><em><strong>PARCOURS<\/strong><\/em><\/h2>\n<p>Je suis n\u00e9e \u00e0 Pornic en Pays de Retz \u2014 le plus m\u00e9ridional des pays bretons \u2014 et j&rsquo;ai rejoint le Languedoc pour \u00e9tudier la g\u00e9ologie avant d&rsquo;enseigner dans l&rsquo;Acad\u00e9mie de Montpellier pendant un certain nombre d&rsquo;ann\u00e9es. Inutile de les compter, elles sont \u00e0 pr\u00e9sent derri\u00e8re moi. En 1997, para\u00eet un premier roman<em> <\/em><strong><em><a href=\"http:\/\/www.francoiserenaud.com\/blog\/bibliographie\/lenfant-de-ma-mere\" target=\"_blank\">L\u2019Enfant de ma m\u00e8re<\/a><\/em> <\/strong>(HB \u00e9ditions) qui va marquer \u2014 au fer rouge\u00a0 \u2014 le d\u00e9but de ma trajectoire litt\u00e9raire.<br \/>\nDepuis, d&rsquo;autres ouvrages ont \u00e9t\u00e9 publi\u00e9s, en particulier une dizaine de romans : mon travail de fond, de fouille.<\/p>\n<p>Ce que je veux d\u00e9crire : la nature, les pulsations du monde, les sentiments des hommes.<\/p>\n<p>En filigrane, on ressent la pr\u00e9sence silencieuse des a\u00efeux, la mati\u00e8re du pays et le souci de l\u2019origine. Mes critiques et lecteurs parlent d&rsquo;un \u00ab\u00a0<em>long chemin parcouru au b\u00e9n\u00e9fice d\u2019une \u00e9criture aboutie, simple et profonde, percutante<\/em>\u00ab\u00a0. Et c&rsquo;est vrai que ce chemin est long&#8230;<br \/>\nJe me consacre aujourd\u2019hui \u00e0 la litt\u00e9rature \u2014 quoi faire d&rsquo;autre ?<\/p>\n<h2 style=\"margin-top: 50px;\"><em><strong>PASSERELLES<\/strong><\/em><\/h2>\n<p>Aussi souvent que possible je collabore avec d\u2019autres artistes. Par tous les moyens.<br \/>\nJ&rsquo;aime me lancer dans des projets o\u00f9 les univers et les disciplines se rejoignent, se compl\u00e8tent, o\u00f9 s&rsquo;estompent les fronti\u00e8res. L&rsquo;\u00e9criture r\u00e9clame la musique \u2013 une \u00e9vidence pour moi \u2013,\u00a0 exulte avec les arts plastiques, s&rsquo;accorde avec la danse ou les arts de l\u2019image.<\/p>\n<p>Je me suis engag\u00e9e au sein de l\u2019association <a href=\"http:\/\/www.autour-des-auteurs.net\" target=\"_blank\"><em><strong>Autour des  Auteurs<\/strong><\/em><\/a> en 2006 aux c\u00f4t\u00e9s d&rsquo;autres \u00e9crivains et traducteurs en Languedoc-Roussillon.<br \/>\nC&rsquo;est par hasard que je suis devenue r\u00e9dactrice de la revue\u00a0 <strong><a href=\"http:\/\/www.autour-des-auteurs.net\/magazine\/new_mag.htm\" target=\"_blank\">FUNAMBULE<\/a><\/strong>, \u00ab\u00a0Textes courts et images en Languedoc-Roussillon\u00a0\u00bb, un webzine litt\u00e9raire et artistique mis en ligne tous les deux mois sur le site de l&rsquo;association (d&rsquo;acc\u00e8s libre et gratuit), un lieu ouvert sur le monde et \u00e0 toutes les \u00e9critures.<\/p>\n<h2 style=\"margin-top: 50px;\"><em><strong>LECTURES-CONCERTS<\/strong><\/em><\/h2>\n<p>Depuis 2003, je monte des &lsquo;lectures-concerts&rsquo; avec <strong><a href=\"http:\/\/francoiserenaud.com\/vo\/notre-duo\/frederic-tari\/\" target=\"_blank\">Fr\u00e9d\u00e9ric Tari<\/a><\/strong>, violoniste et compositeur. Notre duo s&rsquo;appelle<strong> <a href=\"http:\/\/francoiserenaud.com\/vo\/\" target=\"_blank\">VOYAGES IMMOBILES<\/a><\/strong>, comme si notre souhait \u00e9tait d&#8217;embarquer \u00e0 chaque fois le public pour une travers\u00e9e de la mer.<br \/>\nNotre premi\u00e8re cr\u00e9ation, mont\u00e9e \u00e0 partir de fragments du r\u00e9cit <a href=\"http:\/\/www.francoiserenaud.com\/blog\/bibliographie\/assis-sur-la-falaise\" target=\"_blank\"><em><strong>Assis sur la falaise<\/strong><\/em><\/a>, a abouti \u00e0 un spectacle sur sc\u00e8ne en 2008.<br \/>\nPlusieurs \u00e9v\u00e9nements ont \u00e9t\u00e9 r\u00e9alis\u00e9s autour du texte <strong><a href=\"http:\/\/www.francoiserenaud.com\/blog\/wp-admin\/post.php?post=1148&amp;action=edit\" target=\"_blank\"><em>Au-del\u00e0 du blanc<\/em><\/a><\/strong> en relation avec des expositions du peintre Richarme entre novembre 2010 et octobre 2011.<br \/>\nD&rsquo;autres chantiers s&rsquo;ouvrent et aboutissent. R\u00e9cemment <a href=\"http:\/\/francoiserenaud.com\/vo\/notre-repertoire\/mer\/\" target=\"_blank\"><em><strong>Mer<\/strong><\/em><\/a>, compos\u00e9 fragments sur le th\u00e8me oc\u00e9anique \u00e0 travers l&rsquo;\u0153uvre (\u00e0 la m\u00e9diath\u00e8que de Juvignac-34, f\u00e9vrier 2013)<\/p>\n<p style=\"text-align: right;\">\n<p style=\"margin-top: 40px;\">\n<p style=\"text-align: right;\"><em>consulter notre site Lectures-Concerts\u00a0 <a href=\"http:\/\/francoiserenaud.com\/vo\/\" target=\"_blank\"><strong>VOYAGES IMMOBILES<\/strong><\/a><span style=\"color: #993366;\"><strong><a href=\"http:\/\/www.francoiserenaud.com\/blog\/a-propos\/lectures-concerts\" target=\"_blank\"><\/a><\/strong><\/span><\/em><\/p>\n<p style=\"margin-top: 50px;\">\n<p style=\"padding-left: 120px;\"><a rel=\"attachment wp-att-115\" href=\"http:\/\/www.francoiserenaud.com\/blog\/?attachment_id=115\"><\/a><a href=\"http:\/\/marc.dantan.free.fr\/\" target=\"_blank\"><img loading=\"lazy\" decoding=\"async\" class=\"size-medium wp-image-121 alignnone\" style=\"border: 2px solid black; margin-top: 0.5px; margin-bottom: 0.5px;\" title=\"en r\u00e9p\u00e9tition - 3 mars 2008 - par Marc Dantan\" src=\"http:\/\/www.francoiserenaud.com\/blog\/wp-content\/uploads\/2010\/07\/3mars08_fran31-249x300.jpg\" alt=\"\" width=\"249\" height=\"300\" srcset=\"http:\/\/www.francoiserenaud.com\/blog\/wp-content\/uploads\/2010\/07\/3mars08_fran31-249x300.jpg 249w, http:\/\/www.francoiserenaud.com\/blog\/wp-content\/uploads\/2010\/07\/3mars08_fran31.jpg 639w\" sizes=\"(max-width: 249px) 100vw, 249px\" \/><\/a><\/p>\n<p style=\"text-align: right;\"><em>portrait de l&rsquo;auteure, Marie-Jo Primaut \u00a9 2013<br \/>\nimage lecture, <strong><a href=\"http:\/\/marc.dantan.free.fr\/\" target=\"_blank\">Marc Dantan<\/a> <\/strong>\u00a9<a href=\"http:\/\/marc.dantan.free.fr\/\" target=\"_blank\"><strong><br \/>\n<\/strong><\/a><\/em><\/p>\n<p style=\"margin-top: 40px;\">\n<p style=\"text-align: right;\"><em>retour \u00e0 la <a href=\"http:\/\/www.francoiserenaud.com\/blog\/\">page d&rsquo;accueil<\/a><br \/>\n<\/em><\/p>\n","protected":false},"excerpt":{"rendered":"<p>SITE PERSONNEL sur WIKIPEDIA sur LANGUEDOC-ROUSSILLON livre et lecture \u00e9mission LES MATINALES conduite par Pascal Nyri une vid\u00e9o r\u00e9alis\u00e9e par Jean-Pascal Girou, JT DU OFF de Montpellier, 2013 PARCOURS Je suis n\u00e9e \u00e0 Pornic en Pays de Retz \u2014 le plus m\u00e9ridional des pays bretons \u2014 et j&rsquo;ai rejoint le Languedoc pour \u00e9tudier la g\u00e9ologie [&hellip;]<\/p>\n","protected":false},"author":1,"featured_media":0,"parent":0,"menu_order":2,"comment_status":"open","ping_status":"open","template":"","meta":{"footnotes":""},"_links":{"self":[{"href":"http:\/\/www.francoiserenaud.com\/blog\/wp-json\/wp\/v2\/pages\/2"}],"collection":[{"href":"http:\/\/www.francoiserenaud.com\/blog\/wp-json\/wp\/v2\/pages"}],"about":[{"href":"http:\/\/www.francoiserenaud.com\/blog\/wp-json\/wp\/v2\/types\/page"}],"author":[{"embeddable":true,"href":"http:\/\/www.francoiserenaud.com\/blog\/wp-json\/wp\/v2\/users\/1"}],"replies":[{"embeddable":true,"href":"http:\/\/www.francoiserenaud.com\/blog\/wp-json\/wp\/v2\/comments?post=2"}],"version-history":[{"count":155,"href":"http:\/\/www.francoiserenaud.com\/blog\/wp-json\/wp\/v2\/pages\/2\/revisions"}],"predecessor-version":[{"id":21,"href":"http:\/\/www.francoiserenaud.com\/blog\/wp-json\/wp\/v2\/pages\/2\/revisions\/21"}],"wp:attachment":[{"href":"http:\/\/www.francoiserenaud.com\/blog\/wp-json\/wp\/v2\/media?parent=2"}],"curies":[{"name":"wp","href":"https:\/\/api.w.org\/{rel}","templated":true}]}}